{"id":9661,"date":"2023-03-31T07:07:30","date_gmt":"2023-03-31T05:07:30","guid":{"rendered":"https:\/\/www.diotrol.com\/jalki\/"},"modified":"2024-02-27T20:22:08","modified_gmt":"2024-02-27T19:22:08","slug":"jalki","status":"publish","type":"page","link":"https:\/\/staging.diotrol.com\/fi\/jalki\/","title":{"rendered":"J\u00e4lki"},"content":{"rendered":"\t\t<div data-elementor-type=\"wp-page\" data-elementor-id=\"9661\" class=\"elementor elementor-9661 elementor-6044\" data-elementor-post-type=\"page\">\n\t\t\t\t<div class=\"elementor-element elementor-element-a51a7bf e-flex e-con-boxed e-con e-parent\" data-id=\"a51a7bf\" data-element_type=\"container\" data-settings=\"{&quot;background_background&quot;:&quot;classic&quot;}\">\n\t\t\t\t\t<div class=\"e-con-inner\">\n\t\t\t\t<div class=\"elementor-element elementor-element-7fd3cfd5 elementor-widget elementor-widget-heading\" data-id=\"7fd3cfd5\" data-element_type=\"widget\" data-widget_type=\"heading.default\">\n\t\t\t\t<div class=\"elementor-widget-container\">\n\t\t\t\t\t<h1 class=\"elementor-heading-title elementor-size-default\">J\u00e4lki<\/h1>\t\t\t\t<\/div>\n\t\t\t\t<\/div>\n\t\t\t\t\t<\/div>\n\t\t\t\t<\/div>\n\t\t<div class=\"elementor-element elementor-element-e6127c5 e-flex e-con-boxed e-con e-parent\" data-id=\"e6127c5\" data-element_type=\"container\" data-settings=\"{&quot;background_background&quot;:&quot;classic&quot;}\">\n\t\t\t\t\t<div class=\"e-con-inner\">\n\t\t\t\t<div class=\"elementor-element elementor-element-bac40d0 elementor-widget elementor-widget-text-editor\" data-id=\"bac40d0\" data-element_type=\"widget\" data-widget_type=\"text-editor.default\">\n\t\t\t\t<div class=\"elementor-widget-container\">\n\t\t\t\t\t\t\t\t\t<p><strong style=\"font-style: inherit; text-align: var(--text-align); background-color: var( --e-global-color-astglobalcolor5 ); color: var(--ast-global-color-2);\">Yhteysosoite<\/strong><br><\/p><p>Diotrol AG<br>Bodenackerstrasse 64<br>4657 Dulliken<br>Sveitsi<\/p>\n<p>Puhelin: +41 62 285 30 70<br>E-Mail: info@diotrol.com<\/p>\n<p><strong>Valtuutetut edustajat<\/strong><br>Markus Hauert<br>TOIMITUSJOHTAJA<\/p>\n<p><strong>Kaupparekisterimerkint\u00e4<\/strong><br>Rekister\u00f6idyn yrityksen nimi: Diotrol AG<br>Firmennummer: CH-100.3.018.920-1<br>Kaupparekisteri: Klus-Balsthal<\/p>\n<p><strong>ALV-numero<\/strong><br>CHE-107.159.180 ALV<\/p>\n<p><strong>Vastuuvapauslauseke<\/strong><br>Kirjoittaja ei ota mink\u00e4\u00e4nlaista vastuuta tietojen oikeellisuudesta, tarkkuudesta, ajantasaisuudesta, luotettavuudesta ja t\u00e4ydellisyydest\u00e4.<\/p>\n<p>N\u00e4in ollen vastuuvelvollisuutta koskevat vaatimukset, jotka koskevat vahinkoa, joka on aiheutunut annettujen tietojen k\u00e4yt\u00f6st\u00e4, mukaan lukien puutteelliset tai virheelliset tiedot, hyl\u00e4t\u00e4\u00e4n. julkaistujen tietojen k\u00e4ytt\u00e4m\u00e4tt\u00e4 j\u00e4tt\u00e4minen, yhteyden v\u00e4\u00e4rink\u00e4ytt\u00f6 tai tekniset viat eiv\u00e4t ole mahdollisia.<\/p>\n<p>Kaikki tarjoukset eiv\u00e4t ole sitovia. Tekij\u00e4 pid\u00e4tt\u00e4\u00e4 nimenomaisesti oikeuden muuttaa, t\u00e4ydent\u00e4\u00e4 tai poistaa osia sivuista tai koko verkkosivustosta ilman ennakkoilmoitusta tai lopettaa julkaisemisen v\u00e4liaikaisesti tai pysyv\u00e4sti.<\/p>\n<p><strong>Linkkien vastuu<\/strong><br>Viittaukset ja linkit kolmansien osapuolten verkkosivustoille eiv\u00e4t kuulu vastuualueeseemme. T\u00e4llaisista verkkosivustoista ei oteta vastuuta. P\u00e4\u00e4sy t\u00e4llaisille verkkosivustoille ja niiden k\u00e4ytt\u00f6 tapahtuu k\u00e4ytt\u00e4j\u00e4n omalla vastuulla.<\/p>\n<p><strong>Tekij\u00e4noikeus<\/strong><\/p>\n<p>Tekij\u00e4noikeudet ja kaikki muut oikeudet verkkosivuston sis\u00e4lt\u00f6\u00f6n, kuviin, valokuviin tai muihin tiedostoihin kuuluvat yksinomaan Diotrol AG:lle tai virallisille oikeudenhaltijoille. Kaikkien elementtien j\u00e4ljent\u00e4miseen on saatava etuk\u00e4teen tekij\u00e4noikeuksien haltijoiden kirjallinen suostumus.<\/p>\t\t\t\t\t\t\t\t<\/div>\n\t\t\t\t<\/div>\n\t\t\t\t\t<\/div>\n\t\t\t\t<\/div>\n\t\t\t\t<\/div>\n\t\t","protected":false},"excerpt":{"rendered":"<p>J\u00e4lki Yhteysosoite Diotrol AGBodenackerstrasse 644657 DullikenSveitsi Puhelin: +41 62 285 30 70E-Mail: info@diotrol.com Valtuutetut edustajatMarkus HauertTOIMITUSJOHTAJA Kaupparekisterimerkint\u00e4Rekister\u00f6idyn yrityksen nimi: Diotrol AGFirmennummer: CH-100.3.018.920-1Kaupparekisteri: Klus-Balsthal ALV-numeroCHE-107.159.180 ALV VastuuvapauslausekeKirjoittaja ei ota mink\u00e4\u00e4nlaista vastuuta tietojen oikeellisuudesta, tarkkuudesta, ajantasaisuudesta, luotettavuudesta ja t\u00e4ydellisyydest\u00e4. N\u00e4in ollen vastuuvelvollisuutta koskevat vaatimukset, jotka koskevat vahinkoa, joka on aiheutunut annettujen tietojen k\u00e4yt\u00f6st\u00e4, mukaan lukien puutteelliset tai [&hellip;]<\/p>\n","protected":false},"author":1,"featured_media":0,"parent":0,"menu_order":0,"comment_status":"closed","ping_status":"closed","template":"","meta":{"site-sidebar-layout":"no-sidebar","site-content-layout":"page-builder","ast-site-content-layout":"default","site-content-style":"default","site-sidebar-style":"default","ast-global-header-display":"","ast-banner-title-visibility":"","ast-main-header-display":"","ast-hfb-above-header-display":"","ast-hfb-below-header-display":"","ast-hfb-mobile-header-display":"","site-post-title":"disabled","ast-breadcrumbs-content":"","ast-featured-img":"disabled","footer-sml-layout":"","theme-transparent-header-meta":"disabled","adv-header-id-meta":"","stick-header-meta":"","header-above-stick-meta":"","header-main-stick-meta":"","header-below-stick-meta":"","astra-migrate-meta-layouts":"default","ast-page-background-enabled":"default","ast-page-background-meta":{"desktop":{"background-color":"","background-image":"","background-repeat":"repeat","background-position":"center center","background-size":"auto","background-attachment":"scroll","background-type":"","background-media":"","overlay-type":"","overlay-color":"","overlay-opacity":"","overlay-gradient":""},"tablet":{"background-color":"","background-image":"","background-repeat":"repeat","background-position":"center center","background-size":"auto","background-attachment":"scroll","background-type":"","background-media":"","overlay-type":"","overlay-color":"","overlay-opacity":"","overlay-gradient":""},"mobile":{"background-color":"","background-image":"","background-repeat":"repeat","background-position":"center center","background-size":"auto","background-attachment":"scroll","background-type":"","background-media":"","overlay-type":"","overlay-color":"","overlay-opacity":"","overlay-gradient":""}},"ast-content-background-meta":{"desktop":{"background-color":"var(--ast-global-color-5)","background-image":"","background-repeat":"repeat","background-position":"center center","background-size":"auto","background-attachment":"scroll","background-type":"","background-media":"","overlay-type":"","overlay-color":"","overlay-opacity":"","overlay-gradient":""},"tablet":{"background-color":"var(--ast-global-color-5)","background-image":"","background-repeat":"repeat","background-position":"center center","background-size":"auto","background-attachment":"scroll","background-type":"","background-media":"","overlay-type":"","overlay-color":"","overlay-opacity":"","overlay-gradient":""},"mobile":{"background-color":"var(--ast-global-color-5)","background-image":"","background-repeat":"repeat","background-position":"center center","background-size":"auto","background-attachment":"scroll","background-type":"","background-media":"","overlay-type":"","overlay-color":"","overlay-opacity":"","overlay-gradient":""}},"footnotes":""},"class_list":["post-9661","page","type-page","status-publish","hentry"],"_links":{"self":[{"href":"https:\/\/staging.diotrol.com\/fi\/wp-json\/wp\/v2\/pages\/9661","targetHints":{"allow":["GET"]}}],"collection":[{"href":"https:\/\/staging.diotrol.com\/fi\/wp-json\/wp\/v2\/pages"}],"about":[{"href":"https:\/\/staging.diotrol.com\/fi\/wp-json\/wp\/v2\/types\/page"}],"author":[{"embeddable":true,"href":"https:\/\/staging.diotrol.com\/fi\/wp-json\/wp\/v2\/users\/1"}],"replies":[{"embeddable":true,"href":"https:\/\/staging.diotrol.com\/fi\/wp-json\/wp\/v2\/comments?post=9661"}],"version-history":[{"count":0,"href":"https:\/\/staging.diotrol.com\/fi\/wp-json\/wp\/v2\/pages\/9661\/revisions"}],"wp:attachment":[{"href":"https:\/\/staging.diotrol.com\/fi\/wp-json\/wp\/v2\/media?parent=9661"}],"curies":[{"name":"wp","href":"https:\/\/api.w.org\/{rel}","templated":true}]}}